{"id":45,"date":"2022-03-29T17:52:06","date_gmt":"2022-03-29T16:52:06","guid":{"rendered":"http:\/\/philippwallisnicolai.com\/?page_id=45"},"modified":"2023-10-29T13:58:37","modified_gmt":"2023-10-29T12:58:37","slug":"works","status":"publish","type":"page","link":"https:\/\/philippwallisnicolai.com\/?page_id=45","title":{"rendered":"Works"},"content":{"rendered":"\t\t<div data-elementor-type=\"wp-page\" data-elementor-id=\"45\" class=\"elementor elementor-45\">\n\t\t\t\t\t\t<section class=\"elementor-section elementor-top-section elementor-element elementor-element-1047016f elementor-section-full_width elementor-section-height-default elementor-section-height-default\" data-id=\"1047016f\" data-element_type=\"section\" data-e-type=\"section\">\n\t\t\t\t\t\t<div class=\"elementor-container elementor-column-gap-no\">\n\t\t\t\t\t<div class=\"elementor-column elementor-col-100 elementor-top-column elementor-element elementor-element-2de68da2\" data-id=\"2de68da2\" data-element_type=\"column\" data-e-type=\"column\">\n\t\t\t<div class=\"elementor-widget-wrap elementor-element-populated\">\n\t\t\t\t\t\t<div class=\"elementor-element elementor-element-ca05721 elementor-widget elementor-widget-toggle\" data-id=\"ca05721\" data-element_type=\"widget\" data-e-type=\"widget\" data-widget_type=\"toggle.default\">\n\t\t\t\t<div class=\"elementor-widget-container\">\n\t\t\t\t\t\t\t<div class=\"elementor-toggle\">\n\t\t\t\t\t\t\t<div class=\"elementor-toggle-item\">\n\t\t\t\t\t<div id=\"elementor-tab-title-2111\" class=\"elementor-tab-title\" data-tab=\"1\" role=\"button\" aria-controls=\"elementor-tab-content-2111\" aria-expanded=\"false\">\n\t\t\t\t\t\t\t\t\t\t\t\t<span class=\"elementor-toggle-icon elementor-toggle-icon-left\" aria-hidden=\"true\">\n\t\t\t\t\t\t\t\t\t\t\t\t\t\t\t<span class=\"elementor-toggle-icon-closed\"><i class=\"fas fa-plus\"><\/i><\/span>\n\t\t\t\t\t\t\t\t<span class=\"elementor-toggle-icon-opened\"><i class=\"elementor-toggle-icon-opened fas fa-caret-up\"><\/i><\/span>\n\t\t\t\t\t\t\t\t\t\t\t\t\t<\/span>\n\t\t\t\t\t\t\t\t\t\t\t\t<a class=\"elementor-toggle-title\" tabindex=\"0\">RIVER 1: Trave<\/a>\n\t\t\t\t\t<\/div>\n\n\t\t\t\t\t<div id=\"elementor-tab-content-2111\" class=\"elementor-tab-content elementor-clearfix\" data-tab=\"1\" role=\"region\" aria-labelledby=\"elementor-tab-title-2111\"><p>(2023) VR installation<\/p><p>World Premiere: 20\u201322.10.23 Ger\u00e4uschkunstfestival Musikhochschule L\u00fcbeck<\/p><\/div>\n\t\t\t\t<\/div>\n\t\t\t\t\t\t\t<div class=\"elementor-toggle-item\">\n\t\t\t\t\t<div id=\"elementor-tab-title-2112\" class=\"elementor-tab-title\" data-tab=\"2\" role=\"button\" aria-controls=\"elementor-tab-content-2112\" aria-expanded=\"false\">\n\t\t\t\t\t\t\t\t\t\t\t\t<span class=\"elementor-toggle-icon elementor-toggle-icon-left\" aria-hidden=\"true\">\n\t\t\t\t\t\t\t\t\t\t\t\t\t\t\t<span class=\"elementor-toggle-icon-closed\"><i class=\"fas fa-plus\"><\/i><\/span>\n\t\t\t\t\t\t\t\t<span class=\"elementor-toggle-icon-opened\"><i class=\"elementor-toggle-icon-opened fas fa-caret-up\"><\/i><\/span>\n\t\t\t\t\t\t\t\t\t\t\t\t\t<\/span>\n\t\t\t\t\t\t\t\t\t\t\t\t<a class=\"elementor-toggle-title\" tabindex=\"0\">The Glow<\/a>\n\t\t\t\t\t<\/div>\n\n\t\t\t\t\t<div id=\"elementor-tab-content-2112\" class=\"elementor-tab-content elementor-clearfix\" data-tab=\"2\" role=\"region\" aria-labelledby=\"elementor-tab-title-2112\"><p>(2023) for violin<br \/>Duration: 4 minutes<\/p><p>World Premiere: 30.11.23 Musikhochschule L\u00fcbeck; Kirill Volkov \u2013\u00a0violin<\/p><\/div>\n\t\t\t\t<\/div>\n\t\t\t\t\t\t\t<div class=\"elementor-toggle-item\">\n\t\t\t\t\t<div id=\"elementor-tab-title-2113\" class=\"elementor-tab-title\" data-tab=\"3\" role=\"button\" aria-controls=\"elementor-tab-content-2113\" aria-expanded=\"false\">\n\t\t\t\t\t\t\t\t\t\t\t\t<span class=\"elementor-toggle-icon elementor-toggle-icon-left\" aria-hidden=\"true\">\n\t\t\t\t\t\t\t\t\t\t\t\t\t\t\t<span class=\"elementor-toggle-icon-closed\"><i class=\"fas fa-plus\"><\/i><\/span>\n\t\t\t\t\t\t\t\t<span class=\"elementor-toggle-icon-opened\"><i class=\"elementor-toggle-icon-opened fas fa-caret-up\"><\/i><\/span>\n\t\t\t\t\t\t\t\t\t\t\t\t\t<\/span>\n\t\t\t\t\t\t\t\t\t\t\t\t<a class=\"elementor-toggle-title\" tabindex=\"0\">String Quartet No.1 (...rising out of nothing like the backs of seabeasts in a Devonian dawn)<\/a>\n\t\t\t\t\t<\/div>\n\n\t\t\t\t\t<div id=\"elementor-tab-content-2113\" class=\"elementor-tab-content elementor-clearfix\" data-tab=\"3\" role=\"region\" aria-labelledby=\"elementor-tab-title-2113\"><p>(2023) for string quartet<br \/>Duration: 10 minutes<\/p><p>World Premiere: 14.5.23 Logenhaus, L\u00fcbeck; Leonkoro Quartet<\/p><\/div>\n\t\t\t\t<\/div>\n\t\t\t\t\t\t\t<div class=\"elementor-toggle-item\">\n\t\t\t\t\t<div id=\"elementor-tab-title-2114\" class=\"elementor-tab-title\" data-tab=\"4\" role=\"button\" aria-controls=\"elementor-tab-content-2114\" aria-expanded=\"false\">\n\t\t\t\t\t\t\t\t\t\t\t\t<span class=\"elementor-toggle-icon elementor-toggle-icon-left\" aria-hidden=\"true\">\n\t\t\t\t\t\t\t\t\t\t\t\t\t\t\t<span class=\"elementor-toggle-icon-closed\"><i class=\"fas fa-plus\"><\/i><\/span>\n\t\t\t\t\t\t\t\t<span class=\"elementor-toggle-icon-opened\"><i class=\"elementor-toggle-icon-opened fas fa-caret-up\"><\/i><\/span>\n\t\t\t\t\t\t\t\t\t\t\t\t\t<\/span>\n\t\t\t\t\t\t\t\t\t\t\t\t<a class=\"elementor-toggle-title\" tabindex=\"0\">Coral Clouds<\/a>\n\t\t\t\t\t<\/div>\n\n\t\t\t\t\t<div id=\"elementor-tab-content-2114\" class=\"elementor-tab-content elementor-clearfix\" data-tab=\"4\" role=\"region\" aria-labelledby=\"elementor-tab-title-2114\"><p>(2023) for clarinet, cello, and piano<br \/>Duration: 13 minutes<\/p><p>World Premiere: 18.4.23 Musikhochschule, L\u00fcbeck; Trio Catch<\/p><\/div>\n\t\t\t\t<\/div>\n\t\t\t\t\t\t\t<div class=\"elementor-toggle-item\">\n\t\t\t\t\t<div id=\"elementor-tab-title-2115\" class=\"elementor-tab-title\" data-tab=\"5\" role=\"button\" aria-controls=\"elementor-tab-content-2115\" aria-expanded=\"false\">\n\t\t\t\t\t\t\t\t\t\t\t\t<span class=\"elementor-toggle-icon elementor-toggle-icon-left\" aria-hidden=\"true\">\n\t\t\t\t\t\t\t\t\t\t\t\t\t\t\t<span class=\"elementor-toggle-icon-closed\"><i class=\"fas fa-plus\"><\/i><\/span>\n\t\t\t\t\t\t\t\t<span class=\"elementor-toggle-icon-opened\"><i class=\"elementor-toggle-icon-opened fas fa-caret-up\"><\/i><\/span>\n\t\t\t\t\t\t\t\t\t\t\t\t\t<\/span>\n\t\t\t\t\t\t\t\t\t\t\t\t<a class=\"elementor-toggle-title\" tabindex=\"0\">A Sound Vault for a Silent Future<\/a>\n\t\t\t\t\t<\/div>\n\n\t\t\t\t\t<div id=\"elementor-tab-content-2115\" class=\"elementor-tab-content elementor-clearfix\" data-tab=\"5\" role=\"region\" aria-labelledby=\"elementor-tab-title-2115\"><p>(2023) interactive sound installation<br \/>Duration: 30 minutes<\/p><p>World Premiere: 12.1.23<\/p><\/div>\n\t\t\t\t<\/div>\n\t\t\t\t\t\t\t<div class=\"elementor-toggle-item\">\n\t\t\t\t\t<div id=\"elementor-tab-title-2116\" class=\"elementor-tab-title\" data-tab=\"6\" role=\"button\" aria-controls=\"elementor-tab-content-2116\" aria-expanded=\"false\">\n\t\t\t\t\t\t\t\t\t\t\t\t<span class=\"elementor-toggle-icon elementor-toggle-icon-left\" aria-hidden=\"true\">\n\t\t\t\t\t\t\t\t\t\t\t\t\t\t\t<span class=\"elementor-toggle-icon-closed\"><i class=\"fas fa-plus\"><\/i><\/span>\n\t\t\t\t\t\t\t\t<span class=\"elementor-toggle-icon-opened\"><i class=\"elementor-toggle-icon-opened fas fa-caret-up\"><\/i><\/span>\n\t\t\t\t\t\t\t\t\t\t\t\t\t<\/span>\n\t\t\t\t\t\t\t\t\t\t\t\t<a class=\"elementor-toggle-title\" tabindex=\"0\">The Silence<\/a>\n\t\t\t\t\t<\/div>\n\n\t\t\t\t\t<div id=\"elementor-tab-content-2116\" class=\"elementor-tab-content elementor-clearfix\" data-tab=\"6\" role=\"region\" aria-labelledby=\"elementor-tab-title-2116\"><p>(2022) for violin with reverb<br \/>Duration: 8 minutes<\/p><p>World premiere: 12.2.2023 Musikhochschule, L\u00fcbeck; Kirill Volkov \u2013 violin<\/p><\/div>\n\t\t\t\t<\/div>\n\t\t\t\t\t\t\t<div class=\"elementor-toggle-item\">\n\t\t\t\t\t<div id=\"elementor-tab-title-2117\" class=\"elementor-tab-title\" data-tab=\"7\" role=\"button\" aria-controls=\"elementor-tab-content-2117\" aria-expanded=\"false\">\n\t\t\t\t\t\t\t\t\t\t\t\t<span class=\"elementor-toggle-icon elementor-toggle-icon-left\" aria-hidden=\"true\">\n\t\t\t\t\t\t\t\t\t\t\t\t\t\t\t<span class=\"elementor-toggle-icon-closed\"><i class=\"fas fa-plus\"><\/i><\/span>\n\t\t\t\t\t\t\t\t<span class=\"elementor-toggle-icon-opened\"><i class=\"elementor-toggle-icon-opened fas fa-caret-up\"><\/i><\/span>\n\t\t\t\t\t\t\t\t\t\t\t\t\t<\/span>\n\t\t\t\t\t\t\t\t\t\t\t\t<a class=\"elementor-toggle-title\" tabindex=\"0\">Water is Life is Water<\/a>\n\t\t\t\t\t<\/div>\n\n\t\t\t\t\t<div id=\"elementor-tab-content-2117\" class=\"elementor-tab-content elementor-clearfix\" data-tab=\"7\" role=\"region\" aria-labelledby=\"elementor-tab-title-2117\"><p>(2022) Elbphilharmonie audio walk<br \/>Duration: 15 minutes<\/p><p><a href=\"https:\/\/philippwallisnicolai.com\/water-is-life-is-water\/\">Listen here<\/a><\/p><\/div>\n\t\t\t\t<\/div>\n\t\t\t\t\t\t\t<div class=\"elementor-toggle-item\">\n\t\t\t\t\t<div id=\"elementor-tab-title-2118\" class=\"elementor-tab-title\" data-tab=\"8\" role=\"button\" aria-controls=\"elementor-tab-content-2118\" aria-expanded=\"false\">\n\t\t\t\t\t\t\t\t\t\t\t\t<span class=\"elementor-toggle-icon elementor-toggle-icon-left\" aria-hidden=\"true\">\n\t\t\t\t\t\t\t\t\t\t\t\t\t\t\t<span class=\"elementor-toggle-icon-closed\"><i class=\"fas fa-plus\"><\/i><\/span>\n\t\t\t\t\t\t\t\t<span class=\"elementor-toggle-icon-opened\"><i class=\"elementor-toggle-icon-opened fas fa-caret-up\"><\/i><\/span>\n\t\t\t\t\t\t\t\t\t\t\t\t\t<\/span>\n\t\t\t\t\t\t\t\t\t\t\t\t<a class=\"elementor-toggle-title\" tabindex=\"0\">Meta_pher<\/a>\n\t\t\t\t\t<\/div>\n\n\t\t\t\t\t<div id=\"elementor-tab-content-2118\" class=\"elementor-tab-content elementor-clearfix\" data-tab=\"8\" role=\"region\" aria-labelledby=\"elementor-tab-title-2118\"><p>(2022) for 4-channel sound and video<br \/>Duration: 60 minutes<\/p><p>World Premiere: 10.5.22 G\u00fcnter Grass-Haus, L\u00fcbeck<\/p><p><a href=\"https:\/\/www.youtube.com\/watch?v=xRar4ZLFlsI\" target=\"_blank\" rel=\"noopener\">Film version<\/a><\/p><p>\u00a0<\/p><\/div>\n\t\t\t\t<\/div>\n\t\t\t\t\t\t\t<div class=\"elementor-toggle-item\">\n\t\t\t\t\t<div id=\"elementor-tab-title-2119\" class=\"elementor-tab-title\" data-tab=\"9\" role=\"button\" aria-controls=\"elementor-tab-content-2119\" aria-expanded=\"false\">\n\t\t\t\t\t\t\t\t\t\t\t\t<span class=\"elementor-toggle-icon elementor-toggle-icon-left\" aria-hidden=\"true\">\n\t\t\t\t\t\t\t\t\t\t\t\t\t\t\t<span class=\"elementor-toggle-icon-closed\"><i class=\"fas fa-plus\"><\/i><\/span>\n\t\t\t\t\t\t\t\t<span class=\"elementor-toggle-icon-opened\"><i class=\"elementor-toggle-icon-opened fas fa-caret-up\"><\/i><\/span>\n\t\t\t\t\t\t\t\t\t\t\t\t\t<\/span>\n\t\t\t\t\t\t\t\t\t\t\t\t<a class=\"elementor-toggle-title\" tabindex=\"0\">The Final Resting Place of the Future<\/a>\n\t\t\t\t\t<\/div>\n\n\t\t\t\t\t<div id=\"elementor-tab-content-2119\" class=\"elementor-tab-content elementor-clearfix\" data-tab=\"9\" role=\"region\" aria-labelledby=\"elementor-tab-title-2119\"><p>(2022) for 2 pianos and 2 percussion<br \/>Duration: 17 minutes<\/p><p>World Premiere: 13.4.22 Musikhochschule, L\u00fcbeck; members of the Academy of Music L\u00fcbeck<\/p><\/div>\n\t\t\t\t<\/div>\n\t\t\t\t\t\t\t<div class=\"elementor-toggle-item\">\n\t\t\t\t\t<div id=\"elementor-tab-title-21110\" class=\"elementor-tab-title\" data-tab=\"10\" role=\"button\" aria-controls=\"elementor-tab-content-21110\" aria-expanded=\"false\">\n\t\t\t\t\t\t\t\t\t\t\t\t<span class=\"elementor-toggle-icon elementor-toggle-icon-left\" aria-hidden=\"true\">\n\t\t\t\t\t\t\t\t\t\t\t\t\t\t\t<span class=\"elementor-toggle-icon-closed\"><i class=\"fas fa-plus\"><\/i><\/span>\n\t\t\t\t\t\t\t\t<span class=\"elementor-toggle-icon-opened\"><i class=\"elementor-toggle-icon-opened fas fa-caret-up\"><\/i><\/span>\n\t\t\t\t\t\t\t\t\t\t\t\t\t<\/span>\n\t\t\t\t\t\t\t\t\t\t\t\t<a class=\"elementor-toggle-title\" tabindex=\"0\">THAW<\/a>\n\t\t\t\t\t<\/div>\n\n\t\t\t\t\t<div id=\"elementor-tab-content-21110\" class=\"elementor-tab-content elementor-clearfix\" data-tab=\"10\" role=\"region\" aria-labelledby=\"elementor-tab-title-21110\"><p>(2021) for orchestra<br \/>Duration: 10 minutes<\/p><p>World Premiere: 7.5.22 Musikhochschule, L\u00fcbeck; MHL orchestra, Clemens Schuldt<\/p><\/div>\n\t\t\t\t<\/div>\n\t\t\t\t\t\t\t<div class=\"elementor-toggle-item\">\n\t\t\t\t\t<div id=\"elementor-tab-title-21111\" class=\"elementor-tab-title\" data-tab=\"11\" role=\"button\" aria-controls=\"elementor-tab-content-21111\" aria-expanded=\"false\">\n\t\t\t\t\t\t\t\t\t\t\t\t<span class=\"elementor-toggle-icon elementor-toggle-icon-left\" aria-hidden=\"true\">\n\t\t\t\t\t\t\t\t\t\t\t\t\t\t\t<span class=\"elementor-toggle-icon-closed\"><i class=\"fas fa-plus\"><\/i><\/span>\n\t\t\t\t\t\t\t\t<span class=\"elementor-toggle-icon-opened\"><i class=\"elementor-toggle-icon-opened fas fa-caret-up\"><\/i><\/span>\n\t\t\t\t\t\t\t\t\t\t\t\t\t<\/span>\n\t\t\t\t\t\t\t\t\t\t\t\t<a class=\"elementor-toggle-title\" tabindex=\"0\">Memento<\/a>\n\t\t\t\t\t<\/div>\n\n\t\t\t\t\t<div id=\"elementor-tab-content-21111\" class=\"elementor-tab-content elementor-clearfix\" data-tab=\"11\" role=\"region\" aria-labelledby=\"elementor-tab-title-21111\"><p>(2020) for violin, electric guitar, piano, percussion, and cassette recorders<br \/>Duration: 10 minutes<\/p><p>World Premiere: 3.7.21 theater wrede +, Oldenburg: members of the oh ton-ensemble<\/p><\/div>\n\t\t\t\t<\/div>\n\t\t\t\t\t\t\t\t<\/div>\n\t\t\t\t\t\t<\/div>\n\t\t\t\t<\/div>\n\t\t\t\t\t<\/div>\n\t\t<\/div>\n\t\t\t\t\t<\/div>\n\t\t<\/section>\n\t\t\t\t<\/div>\n\t\t","protected":false},"excerpt":{"rendered":"<p>RIVER 1: Trave (2023) VR installation World Premiere: 20\u201322.10.23 Ger\u00e4uschkunstfestival Musikhochschule L\u00fcbeck The Glow (2023) for violinDuration: 4 minutes World Premiere: 30.11.23 Musikhochschule L\u00fcbeck; Kirill Volkov \u2013\u00a0violin String&hellip;<\/p>\n","protected":false},"author":1,"featured_media":0,"parent":0,"menu_order":0,"comment_status":"closed","ping_status":"closed","template":"template-full-width.php","meta":{"footnotes":""},"class_list":["post-45","page","type-page","status-publish","has-post-thumbnail","hentry"],"yoast_head":"<!-- This site is optimized with the Yoast SEO plugin v27.5 - https:\/\/yoast.com\/product\/yoast-seo-wordpress\/ -->\n<title>Works - PHILIPP WALLIS NICOLAI<\/title>\n<meta name=\"robots\" content=\"index, follow, max-snippet:-1, max-image-preview:large, max-video-preview:-1\" \/>\n<link rel=\"canonical\" href=\"https:\/\/philippwallisnicolai.com\/?page_id=45\" \/>\n<meta property=\"og:locale\" content=\"en_GB\" \/>\n<meta property=\"og:type\" content=\"article\" \/>\n<meta property=\"og:title\" content=\"Works - PHILIPP WALLIS NICOLAI\" \/>\n<meta property=\"og:description\" content=\"RIVER 1: Trave (2023) VR installation World Premiere: 20\u201322.10.23 Ger\u00e4uschkunstfestival Musikhochschule L\u00fcbeck The Glow (2023) for violinDuration: 4 minutes World Premiere: 30.11.23 Musikhochschule L\u00fcbeck; Kirill Volkov \u2013\u00a0violin String&hellip;\" \/>\n<meta property=\"og:url\" content=\"https:\/\/philippwallisnicolai.com\/?page_id=45\" \/>\n<meta property=\"og:site_name\" content=\"PHILIPP WALLIS NICOLAI\" \/>\n<meta property=\"article:publisher\" content=\"https:\/\/www.facebook.com\/profile.php?id=100001855778114\" \/>\n<meta property=\"article:modified_time\" content=\"2023-10-29T12:58:37+00:00\" \/>\n<meta name=\"twitter:card\" content=\"summary_large_image\" \/>\n<meta name=\"twitter:site\" content=\"@PhilippWNicolai\" \/>\n<meta name=\"twitter:label1\" content=\"Estimated reading time\" \/>\n\t<meta name=\"twitter:data1\" content=\"1 minute\" \/>\n<script type=\"application\/ld+json\" class=\"yoast-schema-graph\">{\"@context\":\"https:\\\/\\\/schema.org\",\"@graph\":[{\"@type\":\"WebPage\",\"@id\":\"https:\\\/\\\/philippwallisnicolai.com\\\/?page_id=45\",\"url\":\"https:\\\/\\\/philippwallisnicolai.com\\\/?page_id=45\",\"name\":\"Works - PHILIPP WALLIS NICOLAI\",\"isPartOf\":{\"@id\":\"https:\\\/\\\/philippwallisnicolai.com\\\/#website\"},\"datePublished\":\"2022-03-29T16:52:06+00:00\",\"dateModified\":\"2023-10-29T12:58:37+00:00\",\"breadcrumb\":{\"@id\":\"https:\\\/\\\/philippwallisnicolai.com\\\/?page_id=45#breadcrumb\"},\"inLanguage\":\"en-GB\",\"potentialAction\":[{\"@type\":\"ReadAction\",\"target\":[\"https:\\\/\\\/philippwallisnicolai.com\\\/?page_id=45\"]}]},{\"@type\":\"BreadcrumbList\",\"@id\":\"https:\\\/\\\/philippwallisnicolai.com\\\/?page_id=45#breadcrumb\",\"itemListElement\":[{\"@type\":\"ListItem\",\"position\":1,\"name\":\"Home\",\"item\":\"https:\\\/\\\/philippwallisnicolai.com\\\/\"},{\"@type\":\"ListItem\",\"position\":2,\"name\":\"Works\"}]},{\"@type\":\"WebSite\",\"@id\":\"https:\\\/\\\/philippwallisnicolai.com\\\/#website\",\"url\":\"https:\\\/\\\/philippwallisnicolai.com\\\/\",\"name\":\"PHILIPP WALLIS NICOLAI\",\"description\":\"Composer | Sound Artist\",\"publisher\":{\"@id\":\"https:\\\/\\\/philippwallisnicolai.com\\\/#\\\/schema\\\/person\\\/efdd4199d0527829417a484902e0b5d1\"},\"potentialAction\":[{\"@type\":\"SearchAction\",\"target\":{\"@type\":\"EntryPoint\",\"urlTemplate\":\"https:\\\/\\\/philippwallisnicolai.com\\\/?s={search_term_string}\"},\"query-input\":{\"@type\":\"PropertyValueSpecification\",\"valueRequired\":true,\"valueName\":\"search_term_string\"}}],\"inLanguage\":\"en-GB\"},{\"@type\":[\"Person\",\"Organization\"],\"@id\":\"https:\\\/\\\/philippwallisnicolai.com\\\/#\\\/schema\\\/person\\\/efdd4199d0527829417a484902e0b5d1\",\"name\":\"pwn\",\"image\":{\"@type\":\"ImageObject\",\"inLanguage\":\"en-GB\",\"@id\":\"https:\\\/\\\/secure.gravatar.com\\\/avatar\\\/7c5c66aa3b6fcf0d3344e1ab5cba8d7ad701b79637d3ad9991a12c1ec0472855?s=96&d=mm&r=g\",\"url\":\"https:\\\/\\\/secure.gravatar.com\\\/avatar\\\/7c5c66aa3b6fcf0d3344e1ab5cba8d7ad701b79637d3ad9991a12c1ec0472855?s=96&d=mm&r=g\",\"contentUrl\":\"https:\\\/\\\/secure.gravatar.com\\\/avatar\\\/7c5c66aa3b6fcf0d3344e1ab5cba8d7ad701b79637d3ad9991a12c1ec0472855?s=96&d=mm&r=g\",\"caption\":\"pwn\"},\"logo\":{\"@id\":\"https:\\\/\\\/secure.gravatar.com\\\/avatar\\\/7c5c66aa3b6fcf0d3344e1ab5cba8d7ad701b79637d3ad9991a12c1ec0472855?s=96&d=mm&r=g\"},\"sameAs\":[\"http:\\\/\\\/philippwallisnicolai.com\",\"https:\\\/\\\/www.facebook.com\\\/profile.php?id=100001855778114\",\"https:\\\/\\\/www.instagram.com\\\/philwnicolai\\\/\",\"https:\\\/\\\/x.com\\\/PhilippWNicolai\",\"https:\\\/\\\/www.youtube.com\\\/channel\\\/UCLpCklSAagqu202vxxbbywQ\\\/featured\"]}]}<\/script>\n<!-- \/ Yoast SEO plugin. -->","yoast_head_json":{"title":"Works - PHILIPP WALLIS NICOLAI","robots":{"index":"index","follow":"follow","max-snippet":"max-snippet:-1","max-image-preview":"max-image-preview:large","max-video-preview":"max-video-preview:-1"},"canonical":"https:\/\/philippwallisnicolai.com\/?page_id=45","og_locale":"en_GB","og_type":"article","og_title":"Works - PHILIPP WALLIS NICOLAI","og_description":"RIVER 1: Trave (2023) VR installation World Premiere: 20\u201322.10.23 Ger\u00e4uschkunstfestival Musikhochschule L\u00fcbeck The Glow (2023) for violinDuration: 4 minutes World Premiere: 30.11.23 Musikhochschule L\u00fcbeck; Kirill Volkov \u2013\u00a0violin String&hellip;","og_url":"https:\/\/philippwallisnicolai.com\/?page_id=45","og_site_name":"PHILIPP WALLIS NICOLAI","article_publisher":"https:\/\/www.facebook.com\/profile.php?id=100001855778114","article_modified_time":"2023-10-29T12:58:37+00:00","twitter_card":"summary_large_image","twitter_site":"@PhilippWNicolai","twitter_misc":{"Estimated reading time":"1 minute"},"schema":{"@context":"https:\/\/schema.org","@graph":[{"@type":"WebPage","@id":"https:\/\/philippwallisnicolai.com\/?page_id=45","url":"https:\/\/philippwallisnicolai.com\/?page_id=45","name":"Works - PHILIPP WALLIS NICOLAI","isPartOf":{"@id":"https:\/\/philippwallisnicolai.com\/#website"},"datePublished":"2022-03-29T16:52:06+00:00","dateModified":"2023-10-29T12:58:37+00:00","breadcrumb":{"@id":"https:\/\/philippwallisnicolai.com\/?page_id=45#breadcrumb"},"inLanguage":"en-GB","potentialAction":[{"@type":"ReadAction","target":["https:\/\/philippwallisnicolai.com\/?page_id=45"]}]},{"@type":"BreadcrumbList","@id":"https:\/\/philippwallisnicolai.com\/?page_id=45#breadcrumb","itemListElement":[{"@type":"ListItem","position":1,"name":"Home","item":"https:\/\/philippwallisnicolai.com\/"},{"@type":"ListItem","position":2,"name":"Works"}]},{"@type":"WebSite","@id":"https:\/\/philippwallisnicolai.com\/#website","url":"https:\/\/philippwallisnicolai.com\/","name":"PHILIPP WALLIS NICOLAI","description":"Composer | Sound Artist","publisher":{"@id":"https:\/\/philippwallisnicolai.com\/#\/schema\/person\/efdd4199d0527829417a484902e0b5d1"},"potentialAction":[{"@type":"SearchAction","target":{"@type":"EntryPoint","urlTemplate":"https:\/\/philippwallisnicolai.com\/?s={search_term_string}"},"query-input":{"@type":"PropertyValueSpecification","valueRequired":true,"valueName":"search_term_string"}}],"inLanguage":"en-GB"},{"@type":["Person","Organization"],"@id":"https:\/\/philippwallisnicolai.com\/#\/schema\/person\/efdd4199d0527829417a484902e0b5d1","name":"pwn","image":{"@type":"ImageObject","inLanguage":"en-GB","@id":"https:\/\/secure.gravatar.com\/avatar\/7c5c66aa3b6fcf0d3344e1ab5cba8d7ad701b79637d3ad9991a12c1ec0472855?s=96&d=mm&r=g","url":"https:\/\/secure.gravatar.com\/avatar\/7c5c66aa3b6fcf0d3344e1ab5cba8d7ad701b79637d3ad9991a12c1ec0472855?s=96&d=mm&r=g","contentUrl":"https:\/\/secure.gravatar.com\/avatar\/7c5c66aa3b6fcf0d3344e1ab5cba8d7ad701b79637d3ad9991a12c1ec0472855?s=96&d=mm&r=g","caption":"pwn"},"logo":{"@id":"https:\/\/secure.gravatar.com\/avatar\/7c5c66aa3b6fcf0d3344e1ab5cba8d7ad701b79637d3ad9991a12c1ec0472855?s=96&d=mm&r=g"},"sameAs":["http:\/\/philippwallisnicolai.com","https:\/\/www.facebook.com\/profile.php?id=100001855778114","https:\/\/www.instagram.com\/philwnicolai\/","https:\/\/x.com\/PhilippWNicolai","https:\/\/www.youtube.com\/channel\/UCLpCklSAagqu202vxxbbywQ\/featured"]}]}},"_links":{"self":[{"href":"https:\/\/philippwallisnicolai.com\/index.php?rest_route=\/wp\/v2\/pages\/45","targetHints":{"allow":["GET"]}}],"collection":[{"href":"https:\/\/philippwallisnicolai.com\/index.php?rest_route=\/wp\/v2\/pages"}],"about":[{"href":"https:\/\/philippwallisnicolai.com\/index.php?rest_route=\/wp\/v2\/types\/page"}],"author":[{"embeddable":true,"href":"https:\/\/philippwallisnicolai.com\/index.php?rest_route=\/wp\/v2\/users\/1"}],"replies":[{"embeddable":true,"href":"https:\/\/philippwallisnicolai.com\/index.php?rest_route=%2Fwp%2Fv2%2Fcomments&post=45"}],"version-history":[{"count":76,"href":"https:\/\/philippwallisnicolai.com\/index.php?rest_route=\/wp\/v2\/pages\/45\/revisions"}],"predecessor-version":[{"id":322,"href":"https:\/\/philippwallisnicolai.com\/index.php?rest_route=\/wp\/v2\/pages\/45\/revisions\/322"}],"wp:attachment":[{"href":"https:\/\/philippwallisnicolai.com\/index.php?rest_route=%2Fwp%2Fv2%2Fmedia&parent=45"}],"curies":[{"name":"wp","href":"https:\/\/api.w.org\/{rel}","templated":true}]}}